{"id":8998,"date":"2023-04-11T10:23:46","date_gmt":"2023-04-11T10:23:46","guid":{"rendered":"https:\/\/monitywp.websitelayout.net\/?page_id=8998"},"modified":"2023-10-24T17:17:31","modified_gmt":"2023-10-24T15:17:31","slug":"servicios","status":"publish","type":"page","link":"https:\/\/preveasistemas.com\/en\/servicios\/","title":{"rendered":"Services"},"content":{"rendered":"<div data-elementor-type=\"wp-page\" data-elementor-id=\"8998\" class=\"elementor elementor-8998\" data-elementor-post-type=\"page\">\n\t\t\t\t\t\t<section class=\"elementor-section elementor-top-section elementor-element elementor-element-6a0af88 elementor-section-full_width elementor-section-stretched page-title-section top-position1 elementor-section-height-default elementor-section-height-default\" data-id=\"6a0af88\" data-element_type=\"section\" data-e-type=\"section\" data-settings=\"{&quot;stretch_section&quot;:&quot;section-stretched&quot;,&quot;background_background&quot;:&quot;classic&quot;}\">\n\t\t\t\t\t\t\t<div class=\"elementor-background-overlay\"><\/div>\n\t\t\t\t\t\t\t<div class=\"elementor-container elementor-column-gap-extended\">\n\t\t\t\t\t<div class=\"elementor-column elementor-col-100 elementor-top-column elementor-element elementor-element-87c76a8\" data-id=\"87c76a8\" data-element_type=\"column\" data-e-type=\"column\">\n\t\t\t<div class=\"elementor-widget-wrap elementor-element-populated\">\n\t\t\t\t\t\t<section class=\"elementor-section elementor-inner-section elementor-element elementor-element-322d89b bg-transparent elementor-section-boxed elementor-section-height-default elementor-section-height-default\" data-id=\"322d89b\" data-element_type=\"section\" data-e-type=\"section\">\n\t\t\t\t\t\t<div class=\"elementor-container elementor-column-gap-extended\">\n\t\t\t\t\t<div class=\"elementor-column elementor-col-100 elementor-inner-column elementor-element elementor-element-0713ef6\" data-id=\"0713ef6\" data-element_type=\"column\" data-e-type=\"column\">\n\t\t\t<div class=\"elementor-widget-wrap elementor-element-populated\">\n\t\t\t\t\t\t<div class=\"elementor-element elementor-element-93772b4 mb-0 elementor-widget elementor-widget-text-editor\" data-id=\"93772b4\" data-element_type=\"widget\" data-e-type=\"widget\" data-widget_type=\"text-editor.default\">\n\t\t\t\t<div class=\"elementor-widget-container\">\n\t\t\t\t\t\t\t\t\t<h1>Our services<\/h1>\t\t\t\t\t\t\t\t<\/div>\n\t\t\t\t<\/div>\n\t\t\t\t<div class=\"elementor-element elementor-element-156ba50 mb-0 elementor-widget elementor-widget-text-editor\" data-id=\"156ba50\" data-element_type=\"widget\" data-e-type=\"widget\" data-widget_type=\"text-editor.default\">\n\t\t\t\t<div class=\"elementor-widget-container\">\n\t\t\t\t\t\t\t\t\t<ul><li><a href=\"https:\/\/preveasistemas.com\/en\/\">HOME<\/a><\/li><li>SERVICES<\/li><\/ul>\t\t\t\t\t\t\t\t<\/div>\n\t\t\t\t<\/div>\n\t\t\t\t\t<\/div>\n\t\t<\/div>\n\t\t\t\t\t<\/div>\n\t\t<\/section>\n\t\t\t\t<div class=\"elementor-element elementor-element-d82c54b mb-0 elementor-widget__width-auto elementor-absolute elementor-widget elementor-widget-text-editor\" data-id=\"d82c54b\" data-element_type=\"widget\" data-e-type=\"widget\" data-settings=\"{&quot;_position&quot;:&quot;absolute&quot;}\" data-widget_type=\"text-editor.default\">\n\t\t\t\t<div class=\"elementor-widget-container\">\n\t\t\t\t\t\t\t\t\t<span class=\"triangle-3 z-index-1 d-none d-sm-inline-block\"><\/span>\t\t\t\t\t\t\t\t<\/div>\n\t\t\t\t<\/div>\n\t\t\t\t<div class=\"elementor-element elementor-element-06b8659 elementor-widget__width-auto elementor-absolute mb-0 elementor-widget elementor-widget-text-editor\" data-id=\"06b8659\" data-element_type=\"widget\" data-e-type=\"widget\" data-settings=\"{&quot;_position&quot;:&quot;absolute&quot;}\" data-widget_type=\"text-editor.default\">\n\t\t\t\t<div class=\"elementor-widget-container\">\n\t\t\t\t\t\t\t\t\t<div class=\"page-title-round ani-move\"><\/div>\t\t\t\t\t\t\t\t<\/div>\n\t\t\t\t<\/div>\n\t\t\t\t<div class=\"elementor-element elementor-element-16d3619 elementor-widget__width-auto elementor-absolute ani-top-bottom z-index-3 d-none d-sm-block elementor-widget elementor-widget-image\" data-id=\"16d3619\" data-element_type=\"widget\" data-e-type=\"widget\" data-settings=\"{&quot;_position&quot;:&quot;absolute&quot;}\" data-widget_type=\"image.default\">\n\t\t\t\t<div class=\"elementor-widget-container\">\n\t\t\t\t\t\t\t\t\t\t\t\t\t\t\t<img decoding=\"async\" src=\"https:\/\/preveasistemas.com\/wp-content\/uploads\/2022\/01\/dots2-3.png\" title=\"dots2\" alt=\"dots2\" loading=\"lazy\" \/>\t\t\t\t\t\t\t\t\t\t\t\t\t\t\t<\/div>\n\t\t\t\t<\/div>\n\t\t\t\t<div class=\"elementor-element elementor-element-5cc1a09 mb-0 elementor-widget__width-auto elementor-absolute elementor-widget-laptop__width-auto elementor-widget elementor-widget-text-editor\" data-id=\"5cc1a09\" data-element_type=\"widget\" data-e-type=\"widget\" data-settings=\"{&quot;_position&quot;:&quot;absolute&quot;}\" data-widget_type=\"text-editor.default\">\n\t\t\t\t<div class=\"elementor-widget-container\">\n\t\t\t\t\t\t\t\t\t<span class=\"triangle-4 z-index-1 d-none d-sm-inline-block\"><\/span>\t\t\t\t\t\t\t\t<\/div>\n\t\t\t\t<\/div>\n\t\t\t\t\t<\/div>\n\t\t<\/div>\n\t\t\t\t\t<\/div>\n\t\t<\/section>\n\t\t\t\t<section class=\"elementor-section elementor-top-section elementor-element elementor-element-905a993 elementor-section-boxed elementor-section-height-default elementor-section-height-default\" data-id=\"905a993\" data-element_type=\"section\" data-e-type=\"section\">\n\t\t\t\t\t\t<div class=\"elementor-container elementor-column-gap-extended\">\n\t\t\t\t\t<div class=\"elementor-column elementor-col-100 elementor-top-column elementor-element elementor-element-fd3fc11\" data-id=\"fd3fc11\" data-element_type=\"column\" data-e-type=\"column\">\n\t\t\t<div class=\"elementor-widget-wrap elementor-element-populated\">\n\t\t\t\t\t\t<div class=\"elementor-element elementor-element-d7ed15b elementor-align-left elementor-widget elementor-widget-wl-portfolio-v4\" data-id=\"d7ed15b\" data-element_type=\"widget\" data-e-type=\"widget\" data-widget_type=\"wl-portfolio-v4.default\">\n\t\t\t\t<div class=\"elementor-widget-container\">\n\t\t\t\t\t\n        <!-- PORTFOLIO\n        ================================================== -->\n        <div class=\"row mt-n1-9 portfolio-gallery\">\n\n        \t\n        \t\t<div class=\"col-md-6 mt-1-9 wow fadeIn\" data-wow-delay=\"100ms\" data-src=\"https:\/\/preveasistemas.com\/wp-content\/uploads\/2023\/10\/INTERNET.jpg\" data-sub-html=\"<h4 class='text-white'><a class='text-white' href='https:\/\/monitywp.websitelayout.net\/?project=office-surveillance'>Internet<\/a><\/h4><p>Conexi\u00f3n de banda ancha sin fronteras.<\/p>\">\n\n\t\t            <div class=\"card card-style4\">\n\n\t\t            \t\t\t                \t<img decoding=\"async\" src=\"https:\/\/preveasistemas.com\/wp-content\/uploads\/2023\/10\/INTERNET.jpg\" alt=\"Image\">\n\t\t                \n\t\t                <div class=\"card-body\">\n\t\t                    <div class=\"portfolio-links\">\n\t\t                    \t\t\t                        \t<a href=\"https:\/\/monitywp.websitelayout.net\/?project=office-surveillance\"><i class=\"ti-link\"><\/i><\/a>\n\t\t                        \t\t                    <\/div>\n\t\t                    <div class=\"portfolio-overlay-info\">\n\n\t\t                    \t\t\t                        \t<h3 class=\"h4\"><a href=\"https:\/\/monitywp.websitelayout.net\/?project=office-surveillance\" class=\"text-white\">Internet<\/a><\/h3>\n\t\t                        \n\t\t                        \t\t                        \t<span class=\"text-white opacity9 display-28\">Broadband connection without borders.<\/span>\n\t\t                        \n\t\t                    <\/div>\n\t\t                <\/div>\n\t\t        \t<\/div>\n\n\t        <\/div>\n\n        \t\n        \t\t<div class=\"col-md-6 mt-1-9 wow fadeIn\" data-wow-delay=\"200ms\" data-src=\"https:\/\/preveasistemas.com\/wp-content\/uploads\/2023\/10\/FIBRA_OPTICA.jpg\" data-sub-html=\"<h4 class='text-white'><a class='text-white' href='https:\/\/monitywp.websitelayout.net\/?project=static-security'>Fibra \u00d3ptica Integral<\/a><\/h4><p>Soluciones en fibra \u00f3ptica para individuos, empresas y operadoras. Calidad y transparencia.<\/p>\">\n\n\t\t            <div class=\"card card-style4\">\n\n\t\t            \t\t\t                \t<img decoding=\"async\" src=\"https:\/\/preveasistemas.com\/wp-content\/uploads\/2023\/10\/FIBRA_OPTICA.jpg\" alt=\"Image\">\n\t\t                \n\t\t                <div class=\"card-body\">\n\t\t                    <div class=\"portfolio-links\">\n\t\t                    \t\t\t                        \t<a href=\"https:\/\/monitywp.websitelayout.net\/?project=static-security\"><i class=\"ti-link\"><\/i><\/a>\n\t\t                        \t\t                    <\/div>\n\t\t                    <div class=\"portfolio-overlay-info\">\n\n\t\t                    \t\t\t                        \t<h3 class=\"h4\"><a href=\"https:\/\/monitywp.websitelayout.net\/?project=static-security\" class=\"text-white\">Integral Optical Fibre<\/a><\/h3>\n\t\t                        \n\t\t                        \t\t                        \t<span class=\"text-white opacity9 display-28\">Fibre optic solutions for individuals, companies and operators. Quality and transparency.<\/span>\n\t\t                        \n\t\t                    <\/div>\n\t\t                <\/div>\n\t\t        \t<\/div>\n\n\t        <\/div>\n\n        \t\n        \t\t<div class=\"col-md-6 mt-1-9 wow fadeIn\" data-wow-delay=\"300ms\" data-src=\"https:\/\/preveasistemas.com\/wp-content\/uploads\/2023\/10\/SEGURIDAD_AUTONOMA.jpg\" data-sub-html=\"<h4 class='text-white'><a class='text-white' href='https:\/\/monitywp.websitelayout.net\/?project=corporate-security'>Seguridad Aut\u00f3noma y Eficiente<\/a><\/h4><p>Autogestiona la seguridad de tu espacio, sin pagos recurrentes. Sistemas preconfigurados listos para instalar.<\/p>\">\n\n\t\t            <div class=\"card card-style4\">\n\n\t\t            \t\t\t                \t<img decoding=\"async\" src=\"https:\/\/preveasistemas.com\/wp-content\/uploads\/2023\/10\/SEGURIDAD_AUTONOMA.jpg\" alt=\"Image\">\n\t\t                \n\t\t                <div class=\"card-body\">\n\t\t                    <div class=\"portfolio-links\">\n\t\t                    \t\t\t                        \t<a href=\"https:\/\/monitywp.websitelayout.net\/?project=corporate-security\"><i class=\"ti-link\"><\/i><\/a>\n\t\t                        \t\t                    <\/div>\n\t\t                    <div class=\"portfolio-overlay-info\">\n\n\t\t                    \t\t\t                        \t<h3 class=\"h4\"><a href=\"https:\/\/monitywp.websitelayout.net\/?project=corporate-security\" class=\"text-white\">Autonomous and Efficient Security<\/a><\/h3>\n\t\t                        \n\t\t                        \t\t                        \t<span class=\"text-white opacity9 display-28\">Self-manage the security of your space, without recurring payments. Pre-configured systems ready to install.<\/span>\n\t\t                        \n\t\t                    <\/div>\n\t\t                <\/div>\n\t\t        \t<\/div>\n\n\t        <\/div>\n\n        \t\n        \t\t<div class=\"col-md-6 mt-1-9 wow fadeIn\" data-wow-delay=\"400ms\" data-src=\"https:\/\/preveasistemas.com\/wp-content\/uploads\/2023\/10\/VIDEOVIGILANCIA.jpg\" data-sub-html=\"<h4 class='text-white'><a class='text-white' href='https:\/\/monitywp.websitelayout.net\/?project=security-technique'>Videovigilancia Activa y Responsiva<\/a><\/h4><p>Instalaci\u00f3n de c\u00e1maras con monitorizaci\u00f3n activa 365\/24. Si algo falla, actuamos inmediatamente. Expertos en comunidades y empresas.<\/p>\">\n\n\t\t            <div class=\"card card-style4\">\n\n\t\t            \t\t\t                \t<img decoding=\"async\" src=\"https:\/\/preveasistemas.com\/wp-content\/uploads\/2023\/10\/VIDEOVIGILANCIA.jpg\" alt=\"Image\">\n\t\t                \n\t\t                <div class=\"card-body\">\n\t\t                    <div class=\"portfolio-links\">\n\t\t                    \t\t\t                        \t<a href=\"https:\/\/monitywp.websitelayout.net\/?project=security-technique\"><i class=\"ti-link\"><\/i><\/a>\n\t\t                        \t\t                    <\/div>\n\t\t                    <div class=\"portfolio-overlay-info\">\n\n\t\t                    \t\t\t                        \t<h3 class=\"h4\"><a href=\"https:\/\/monitywp.websitelayout.net\/?project=security-technique\" class=\"text-white\">Active and Responsive Video Surveillance<\/a><\/h3>\n\t\t                        \n\t\t                        \t\t                        \t<span class=\"text-white opacity9 display-28\">Installation of cameras with active monitoring 365\/24. If something goes wrong, we act immediately. Experts in communities and companies.<\/span>\n\t\t                        \n\t\t                    <\/div>\n\t\t                <\/div>\n\t\t        \t<\/div>\n\n\t        <\/div>\n\n        \t\n        \t\t<div class=\"col-md-6 mt-1-9 wow fadeIn\" data-wow-delay=\"500ms\" data-src=\"https:\/\/preveasistemas.com\/wp-content\/uploads\/2023\/10\/VIDEOPORTEROS.jpg\" data-sub-html=\"<h4 class='text-white'><a class='text-white' href='https:\/\/monitywp.websitelayout.net\/?project=commercial-surveillance'>Videoportero 3.0: Conectividad y Seguridad Total<\/a><\/h4><p>Videoporteros avanzados: atiende, visualiza e interact\u00faa desde cualquier lugar. Opci\u00f3n de grabaci\u00f3n para mayor seguridad.<\/p>\">\n\n\t\t            <div class=\"card card-style4\">\n\n\t\t            \t\t\t                \t<img decoding=\"async\" src=\"https:\/\/preveasistemas.com\/wp-content\/uploads\/2023\/10\/VIDEOPORTEROS.jpg\" alt=\"Image\">\n\t\t                \n\t\t                <div class=\"card-body\">\n\t\t                    <div class=\"portfolio-links\">\n\t\t                    \t\t\t                        \t<a href=\"https:\/\/monitywp.websitelayout.net\/?project=commercial-surveillance\"><i class=\"ti-link\"><\/i><\/a>\n\t\t                        \t\t                    <\/div>\n\t\t                    <div class=\"portfolio-overlay-info\">\n\n\t\t                    \t\t\t                        \t<h3 class=\"h4\"><a href=\"https:\/\/monitywp.websitelayout.net\/?project=commercial-surveillance\" class=\"text-white\">Video Door Station 3.0: Total Connectivity and Security<\/a><\/h3>\n\t\t                        \n\t\t                        \t\t                        \t<span class=\"text-white opacity9 display-28\">Advanced video door entry systems: attend, view and interact from anywhere. Recording option for greater security.<\/span>\n\t\t                        \n\t\t                    <\/div>\n\t\t                <\/div>\n\t\t        \t<\/div>\n\n\t        <\/div>\n\n        \t\n        \t\t<div class=\"col-md-6 mt-1-9 wow fadeIn\" data-wow-delay=\"600ms\" data-src=\"https:\/\/preveasistemas.com\/wp-content\/uploads\/2023\/10\/IT.jpg\" data-sub-html=\"<h4 class='text-white'><a class='text-white' href='https:\/\/monitywp.websitelayout.net\/?project=automation-system'>IT Integral: Innovaci\u00f3n y Respuesta R\u00e1pida<\/a><\/h4><p>Experiencia total en inform\u00e1tica y redes. Monitorizaci\u00f3n proactiva para resolver incidencias antes de que surjan. Calidad y tranquilidad para empresas y aut\u00f3nomos.<\/p>\">\n\n\t\t            <div class=\"card card-style4\">\n\n\t\t            \t\t\t                \t<img decoding=\"async\" src=\"https:\/\/preveasistemas.com\/wp-content\/uploads\/2023\/10\/IT.jpg\" alt=\"Image\">\n\t\t                \n\t\t                <div class=\"card-body\">\n\t\t                    <div class=\"portfolio-links\">\n\t\t                    \t\t\t                        \t<a href=\"https:\/\/monitywp.websitelayout.net\/?project=automation-system\"><i class=\"ti-link\"><\/i><\/a>\n\t\t                        \t\t                    <\/div>\n\t\t                    <div class=\"portfolio-overlay-info\">\n\n\t\t                    \t\t\t                        \t<h3 class=\"h4\"><a href=\"https:\/\/monitywp.websitelayout.net\/?project=automation-system\" class=\"text-white\">Integrated IT: Innovation and Rapid Response<\/a><\/h3>\n\t\t                        \n\t\t                        \t\t                        \t<span class=\"text-white opacity9 display-28\">Full IT and networking experience. Proactive monitoring to resolve incidents before they arise. Quality and peace of mind for companies and freelancers.<\/span>\n\t\t                        \n\t\t                    <\/div>\n\t\t                <\/div>\n\t\t        \t<\/div>\n\n\t        <\/div>\n\n        \t\n        <\/div>\n\n\t\t\t\t\t<\/div>\n\t\t\t\t<\/div>\n\t\t\t\t\t<\/div>\n\t\t<\/div>\n\t\t\t\t\t<\/div>\n\t\t<\/section>\n\t\t\t\t<\/div>","protected":false},"excerpt":{"rendered":"<p>Nuestros servicios INICIO SERVICIOS Internet Conexi\u00f3n de banda ancha sin fronteras. &#8220;> Internet Conexi\u00f3n de banda ancha sin fronteras. Fibra \u00d3ptica Integral Soluciones en fibra \u00f3ptica para individuos, empresas y operadoras. Calidad y transparencia. &#8220;> Fibra \u00d3ptica Integral Soluciones en fibra \u00f3ptica para individuos, empresas y operadoras. Calidad y transparencia. Seguridad Aut\u00f3noma y Eficiente Autogestiona [&hellip;]<\/p>\n","protected":false},"author":2,"featured_media":0,"parent":0,"menu_order":0,"comment_status":"closed","ping_status":"closed","template":"page-templates\/home.php","meta":{"footnotes":""},"class_list":["post-8998","page","type-page","status-publish","hentry"],"aioseo_notices":[],"_links":{"self":[{"href":"https:\/\/preveasistemas.com\/en\/wp-json\/wp\/v2\/pages\/8998","targetHints":{"allow":["GET"]}}],"collection":[{"href":"https:\/\/preveasistemas.com\/en\/wp-json\/wp\/v2\/pages"}],"about":[{"href":"https:\/\/preveasistemas.com\/en\/wp-json\/wp\/v2\/types\/page"}],"author":[{"embeddable":true,"href":"https:\/\/preveasistemas.com\/en\/wp-json\/wp\/v2\/users\/2"}],"replies":[{"embeddable":true,"href":"https:\/\/preveasistemas.com\/en\/wp-json\/wp\/v2\/comments?post=8998"}],"version-history":[{"count":11,"href":"https:\/\/preveasistemas.com\/en\/wp-json\/wp\/v2\/pages\/8998\/revisions"}],"predecessor-version":[{"id":9617,"href":"https:\/\/preveasistemas.com\/en\/wp-json\/wp\/v2\/pages\/8998\/revisions\/9617"}],"wp:attachment":[{"href":"https:\/\/preveasistemas.com\/en\/wp-json\/wp\/v2\/media?parent=8998"}],"curies":[{"name":"wp","href":"https:\/\/api.w.org\/{rel}","templated":true}]}}