{"id":5373,"date":"2021-10-13T07:52:01","date_gmt":"2021-10-13T07:52:01","guid":{"rendered":"https:\/\/suiticwp.websitelayout.net\/?page_id=5373"},"modified":"2023-12-13T00:39:32","modified_gmt":"2023-12-12T23:39:32","slug":"contact","status":"publish","type":"page","link":"https:\/\/preveasistemas.com\/en\/contact\/","title":{"rendered":"Contact"},"content":{"rendered":"\t\t<div data-elementor-type=\"wp-page\" data-elementor-id=\"5373\" class=\"elementor elementor-5373\" data-elementor-post-type=\"page\">\n\t\t\t\t\t\t<section class=\"elementor-section elementor-top-section elementor-element elementor-element-409e1bd elementor-section-full_width elementor-section-stretched page-title-section top-position1 elementor-section-height-default elementor-section-height-default\" data-id=\"409e1bd\" data-element_type=\"section\" data-e-type=\"section\" data-settings=\"{&quot;stretch_section&quot;:&quot;section-stretched&quot;,&quot;background_background&quot;:&quot;classic&quot;}\">\n\t\t\t\t\t\t\t<div class=\"elementor-background-overlay\"><\/div>\n\t\t\t\t\t\t\t<div class=\"elementor-container elementor-column-gap-extended\">\n\t\t\t\t\t<div class=\"elementor-column elementor-col-100 elementor-top-column elementor-element elementor-element-cea7fda\" data-id=\"cea7fda\" data-element_type=\"column\" data-e-type=\"column\">\n\t\t\t<div class=\"elementor-widget-wrap elementor-element-populated\">\n\t\t\t\t\t\t<section class=\"elementor-section elementor-inner-section elementor-element elementor-element-2c1d874 bg-transparent elementor-section-boxed elementor-section-height-default elementor-section-height-default\" data-id=\"2c1d874\" data-element_type=\"section\" data-e-type=\"section\">\n\t\t\t\t\t\t<div class=\"elementor-container elementor-column-gap-extended\">\n\t\t\t\t\t<div class=\"elementor-column elementor-col-100 elementor-inner-column elementor-element elementor-element-15a133e\" data-id=\"15a133e\" data-element_type=\"column\" data-e-type=\"column\">\n\t\t\t<div class=\"elementor-widget-wrap elementor-element-populated\">\n\t\t\t\t\t\t<div class=\"elementor-element elementor-element-34044c1 mb-0 elementor-widget elementor-widget-text-editor\" data-id=\"34044c1\" data-element_type=\"widget\" data-e-type=\"widget\" data-widget_type=\"text-editor.default\">\n\t\t\t\t<div class=\"elementor-widget-container\">\n\t\t\t\t\t\t\t\t\t<h1>Contacto<\/h1>\t\t\t\t\t\t\t\t<\/div>\n\t\t\t\t<\/div>\n\t\t\t\t<div class=\"elementor-element elementor-element-30f4f02 mb-0 elementor-widget elementor-widget-text-editor\" data-id=\"30f4f02\" data-element_type=\"widget\" data-e-type=\"widget\" data-widget_type=\"text-editor.default\">\n\t\t\t\t<div class=\"elementor-widget-container\">\n\t\t\t\t\t\t\t\t\t<ul><li><a title=\"Home 02\" href=\"https:\/\/preveasistemas.com\/home-02\/\">Inicio<\/a><\/li><li>Contacto<\/li><\/ul>\t\t\t\t\t\t\t\t<\/div>\n\t\t\t\t<\/div>\n\t\t\t\t\t<\/div>\n\t\t<\/div>\n\t\t\t\t\t<\/div>\n\t\t<\/section>\n\t\t\t\t<div class=\"elementor-element elementor-element-272f884 mb-0 elementor-widget__width-auto elementor-absolute elementor-widget elementor-widget-text-editor\" data-id=\"272f884\" data-element_type=\"widget\" data-e-type=\"widget\" data-settings=\"{&quot;_position&quot;:&quot;absolute&quot;}\" data-widget_type=\"text-editor.default\">\n\t\t\t\t<div class=\"elementor-widget-container\">\n\t\t\t\t\t\t\t\t\t<span class=\"triangle-3 z-index-1 d-none d-sm-inline-block\"><\/span>\t\t\t\t\t\t\t\t<\/div>\n\t\t\t\t<\/div>\n\t\t\t\t<div class=\"elementor-element elementor-element-ffd74bd elementor-widget__width-auto elementor-absolute mb-0 elementor-widget elementor-widget-text-editor\" data-id=\"ffd74bd\" data-element_type=\"widget\" data-e-type=\"widget\" data-settings=\"{&quot;_position&quot;:&quot;absolute&quot;}\" data-widget_type=\"text-editor.default\">\n\t\t\t\t<div class=\"elementor-widget-container\">\n\t\t\t\t\t\t\t\t\t<div class=\"page-title-round ani-move\"><\/div>\t\t\t\t\t\t\t\t<\/div>\n\t\t\t\t<\/div>\n\t\t\t\t<div class=\"elementor-element elementor-element-22c37df elementor-widget__width-auto elementor-absolute ani-top-bottom z-index-3 d-none d-sm-block elementor-widget elementor-widget-image\" data-id=\"22c37df\" data-element_type=\"widget\" data-e-type=\"widget\" data-settings=\"{&quot;_position&quot;:&quot;absolute&quot;}\" data-widget_type=\"image.default\">\n\t\t\t\t<div class=\"elementor-widget-container\">\n\t\t\t\t\t\t\t\t\t\t\t\t\t\t\t<img decoding=\"async\" src=\"https:\/\/preveasistemas.com\/wp-content\/uploads\/2022\/01\/dots2-3.png\" title=\"dots2\" alt=\"dots2\" loading=\"lazy\" \/>\t\t\t\t\t\t\t\t\t\t\t\t\t\t\t<\/div>\n\t\t\t\t<\/div>\n\t\t\t\t<div class=\"elementor-element elementor-element-b7c3f4d mb-0 elementor-widget__width-auto elementor-absolute elementor-widget-laptop__width-auto elementor-widget elementor-widget-text-editor\" data-id=\"b7c3f4d\" data-element_type=\"widget\" data-e-type=\"widget\" data-settings=\"{&quot;_position&quot;:&quot;absolute&quot;}\" data-widget_type=\"text-editor.default\">\n\t\t\t\t<div class=\"elementor-widget-container\">\n\t\t\t\t\t\t\t\t\t<span class=\"triangle-4 z-index-1 d-none d-sm-inline-block\"><\/span>\t\t\t\t\t\t\t\t<\/div>\n\t\t\t\t<\/div>\n\t\t\t\t\t<\/div>\n\t\t<\/div>\n\t\t\t\t\t<\/div>\n\t\t<\/section>\n\t\t\t\t<section class=\"elementor-section elementor-top-section elementor-element elementor-element-25b39e7 contact-form elementor-section-stretched elementor-section-boxed elementor-section-height-default elementor-section-height-default\" data-id=\"25b39e7\" data-element_type=\"section\" data-e-type=\"section\" data-settings=\"{&quot;stretch_section&quot;:&quot;section-stretched&quot;}\">\n\t\t\t\t\t\t<div class=\"elementor-container elementor-column-gap-extended\">\n\t\t\t\t\t<div class=\"elementor-column elementor-col-100 elementor-top-column elementor-element elementor-element-a37e112\" data-id=\"a37e112\" data-element_type=\"column\" data-e-type=\"column\">\n\t\t\t<div class=\"elementor-widget-wrap elementor-element-populated\">\n\t\t\t\t\t\t<div class=\"elementor-element elementor-element-4b94895 mb-0 elementor-widget elementor-widget-text-editor\" data-id=\"4b94895\" data-element_type=\"widget\" data-e-type=\"widget\" data-widget_type=\"text-editor.default\">\n\t\t\t\t<div class=\"elementor-widget-container\">\n\t\t\t\t\t\t\t\t\t<div class=\"section-heading wow fadeIn\" data-wow-delay=\"100ms\"><p>CONTACTO<\/p><h2 class=\"h1\">Tu \u00e9xito est\u00e1 a un mensaje de distancia. \u00a1Cont\u00e1ctanos y juntos haremos realidad tus ideas!<\/h2><\/div>\t\t\t\t\t\t\t\t<\/div>\n\t\t\t\t<\/div>\n\t\t\t\t<div class=\"elementor-element elementor-element-a88f44e elementor-align-left elementor-widget elementor-widget-wl-fancy-box-v4\" data-id=\"a88f44e\" data-element_type=\"widget\" data-e-type=\"widget\" data-widget_type=\"wl-fancy-box-v4.default\">\n\t\t\t\t<div class=\"elementor-widget-container\">\n\t\t\t\t\t\n        <!-- FANCY BOX V4\n        ================================================== -->\n        <div class=\"row gx-xxl-5\">\n        \t                <div class=\"col-md-6 col-lg-4 mt-1-9 wow fadeIn\" data-wow-delay=\"100\">\n                    <div class=\"contact-wrapper\">\n                        <div class=\"contact-icon\">\n                        \t\t                                <i class=\"ti-email fs-1 text-white\"><\/i>\n                                                        <\/div>\n                        <div class=\"contact-content\">\n                                                            \t<h4 class=\"h3 mb-3\">Administraci\u00f3n<\/h4>\n<h2 class=\"title-hover\">Administraci\u00f3n<\/h2>\n<a href=\"mailto:administracion@preveasistemas.com\" class=\"d-block font-weight-500 mb-1 display-md-28\">administracion@preveasistemas.com<\/a>\n<a href=\"tel:+34692648768\" class=\"font-weight-500 display-md-28\">Tlf. 692 648 768<\/a>                                                    <\/div>\n                    <\/div>\n                <\/div>\n                            <div class=\"col-md-6 col-lg-4 mt-8 mt-md-1-9 wow fadeIn\" data-wow-delay=\"200\">\n                    <div class=\"contact-wrapper\">\n                        <div class=\"contact-icon\">\n                        \t\t                                <i class=\"ti-email fs-1 text-white\"><\/i>\n                                                        <\/div>\n                        <div class=\"contact-content\">\n                                                            \t<h4 class=\"h3 mb-3\">Proyectos<\/h4>\n<h2 class=\"title-hover\">Proyectos<\/h2>\n<a href=\"mailto:proyectos@preveasistemas.com\" class=\"d-block font-weight-500 mb-1 display-md-28\">proyectos@preveasistemas.com<\/a>\n<a href=\"tel:+34692058944\" class=\"font-weight-500 display-md-28\">Tlf. 692 058 944<\/a>                                                    <\/div>\n                    <\/div>\n                <\/div>\n                            <div class=\"col-md-6 col-lg-4 mt-8 mt-lg-1-9 wow fadeIn\" data-wow-delay=\"300\">\n                    <div class=\"contact-wrapper\">\n                        <div class=\"contact-icon\">\n                        \t\t                                <i class=\"ti-email fs-1 text-white\"><\/i>\n                                                        <\/div>\n                        <div class=\"contact-content\">\n                                                            \t<h4 class=\"h3 mb-3\">Soporte T\u00e9cnico<\/h4>\n<h2 class=\"title-hover\">SAT<\/h2>\n<a href=\"mailto:sat@preveasistemas.com\" class=\"d-block font-weight-500 mb-1 display-md-28\">sat@preveasistemas.com<\/a>\n<a href=\"tel:+34626256928\" class=\"font-weight-500 display-md-28\">Tlf. 626 256 928<\/a>                                                    <\/div>\n                    <\/div>\n                <\/div>\n                    <\/div>\n\n\t\t\t\t\t<\/div>\n\t\t\t\t<\/div>\n\t\t\t\t<div class=\"elementor-element elementor-element-3aedf61 elementor-widget elementor-widget-heading\" data-id=\"3aedf61\" data-element_type=\"widget\" data-e-type=\"widget\" data-widget_type=\"heading.default\">\n\t\t\t\t<div class=\"elementor-widget-container\">\n\t\t\t\t\t<div class=\"elementor-heading-title elementor-size-default\">Nuestro horarario de atenci\u00f3n al cliente es:<br><br> \nLunes a Jueves de 9.00h a 13.00h \/ 16:00h a 19:00h<br>\nViernes de 9:00h a 13.00h<\/div>\t\t\t\t<\/div>\n\t\t\t\t<\/div>\n\t\t\t\t\t<\/div>\n\t\t<\/div>\n\t\t\t\t\t<\/div>\n\t\t<\/section>\n\t\t\t\t<section class=\"elementor-section elementor-top-section elementor-element elementor-element-58882f6 elementor-section-stretched elementor-section-boxed elementor-section-height-default elementor-section-height-default\" data-id=\"58882f6\" data-element_type=\"section\" data-e-type=\"section\" data-settings=\"{&quot;stretch_section&quot;:&quot;section-stretched&quot;}\">\n\t\t\t\t\t\t<div class=\"elementor-container elementor-column-gap-extended\">\n\t\t\t\t\t<div class=\"elementor-column elementor-col-100 elementor-top-column elementor-element elementor-element-d22d6b6\" data-id=\"d22d6b6\" data-element_type=\"column\" data-e-type=\"column\">\n\t\t\t<div class=\"elementor-widget-wrap elementor-element-populated\">\n\t\t\t\t\t\t<section class=\"elementor-section elementor-inner-section elementor-element elementor-element-de0f9ee elementor-section-full_width elementor-section-height-default elementor-section-height-default\" data-id=\"de0f9ee\" data-element_type=\"section\" data-e-type=\"section\">\n\t\t\t\t\t\t<div class=\"elementor-container elementor-column-gap-no\">\n\t\t\t\t\t<div class=\"elementor-column elementor-col-50 elementor-inner-column elementor-element elementor-element-18dd08f elementor-hidden-tablet elementor-hidden-mobile_extra elementor-hidden-mobile\" data-id=\"18dd08f\" data-element_type=\"column\" data-e-type=\"column\" data-settings=\"{&quot;background_background&quot;:&quot;classic&quot;}\">\n\t\t\t<div class=\"elementor-widget-wrap\">\n\t\t\t\t\t\t\t<\/div>\n\t\t<\/div>\n\t\t\t\t<div class=\"elementor-column elementor-col-50 elementor-inner-column elementor-element elementor-element-fe5d953\" data-id=\"fe5d953\" data-element_type=\"column\" data-e-type=\"column\">\n\t\t\t<div class=\"elementor-widget-wrap elementor-element-populated\">\n\t\t\t\t\t\t<div class=\"elementor-element elementor-element-c8a80e7 mb-0 elementor-widget elementor-widget-text-editor\" data-id=\"c8a80e7\" data-element_type=\"widget\" data-e-type=\"widget\" data-widget_type=\"text-editor.default\">\n\t\t\t\t<div class=\"elementor-widget-container\">\n\t\t\t\t\t\t\t\t\t<h2 class=\"mb-3 h3\">Si lo prefieres puedes contactarnos con nuestro formulario<\/h2>\t\t\t\t\t\t\t\t<\/div>\n\t\t\t\t<\/div>\n\t\t\t\t<div class=\"elementor-element elementor-element-c30262b elementor-button-align-stretch elementor-widget elementor-widget-form\" data-id=\"c30262b\" data-element_type=\"widget\" data-e-type=\"widget\" data-settings=\"{&quot;step_next_label&quot;:&quot;Siguiente&quot;,&quot;step_previous_label&quot;:&quot;Anterior&quot;,&quot;button_width&quot;:&quot;100&quot;,&quot;step_type&quot;:&quot;number_text&quot;,&quot;step_icon_shape&quot;:&quot;circle&quot;}\" data-widget_type=\"form.default\">\n\t\t\t\t<div class=\"elementor-widget-container\">\n\t\t\t\t\t\t\t<form class=\"elementor-form\" method=\"post\" name=\"Nuevo formulario\" aria-label=\"Nuevo formulario\">\n\t\t\t<input type=\"hidden\" name=\"post_id\" value=\"5373\"\/>\n\t\t\t<input type=\"hidden\" name=\"form_id\" value=\"c30262b\"\/>\n\t\t\t<input type=\"hidden\" name=\"referer_title\" value=\"Contact - Prevea Sistemas\" \/>\n\n\t\t\t\t\t\t\t<input type=\"hidden\" name=\"queried_id\" value=\"5373\"\/>\n\t\t\t\n\t\t\t<div class=\"elementor-form-fields-wrapper elementor-labels-\">\n\t\t\t\t\t\t\t\t<div class=\"elementor-field-type-text elementor-field-group elementor-column elementor-field-group-name elementor-col-100\">\n\t\t\t\t\t\t\t\t\t\t\t\t<label for=\"form-field-name\" class=\"elementor-field-label elementor-screen-only\">\n\t\t\t\t\t\t\t\tNombre\t\t\t\t\t\t\t<\/label>\n\t\t\t\t\t\t\t\t\t\t\t\t\t\t<input size=\"1\" type=\"text\" name=\"form_fields[name]\" id=\"form-field-name\" class=\"elementor-field elementor-size-sm  elementor-field-textual\" placeholder=\"Nombre\">\n\t\t\t\t\t\t\t\t\t\t\t<\/div>\n\t\t\t\t\t\t\t\t<div class=\"elementor-field-type-email elementor-field-group elementor-column elementor-field-group-email elementor-col-100 elementor-field-required\">\n\t\t\t\t\t\t\t\t\t\t\t\t<label for=\"form-field-email\" class=\"elementor-field-label elementor-screen-only\">\n\t\t\t\t\t\t\t\tCorreo electr\u00f3nico\t\t\t\t\t\t\t<\/label>\n\t\t\t\t\t\t\t\t\t\t\t\t\t\t<input size=\"1\" type=\"email\" name=\"form_fields[email]\" id=\"form-field-email\" class=\"elementor-field elementor-size-sm  elementor-field-textual\" placeholder=\"Correo electr\u00f3nico\" required=\"required\">\n\t\t\t\t\t\t\t\t\t\t\t<\/div>\n\t\t\t\t\t\t\t\t<div class=\"elementor-field-type-textarea elementor-field-group elementor-column elementor-field-group-message elementor-col-100\">\n\t\t\t\t\t\t\t\t\t\t\t\t<label for=\"form-field-message\" class=\"elementor-field-label elementor-screen-only\">\n\t\t\t\t\t\t\t\tMensaje\t\t\t\t\t\t\t<\/label>\n\t\t\t\t\t\t<textarea class=\"elementor-field-textual elementor-field  elementor-size-sm\" name=\"form_fields[message]\" id=\"form-field-message\" rows=\"4\" placeholder=\"Mensaje\"><\/textarea>\t\t\t\t<\/div>\n\t\t\t\t\t\t\t\t<div class=\"elementor-field-type-recaptcha_v3 elementor-field-group elementor-column elementor-field-group-field_3ed0192 elementor-col-100 recaptcha_v3-bottomright\">\n\t\t\t\t\t<div class=\"elementor-field\" id=\"form-field-field_3ed0192\"><div class=\"elementor-g-recaptcha\" data-sitekey=\"6Ldvky8pAAAAAJNfZX3SL8oo32hlknhW8SF6H-6v\" data-type=\"v3\" data-action=\"Form\" data-badge=\"bottomright\" data-size=\"invisible\"><\/div><\/div>\t\t\t\t<\/div>\n\t\t\t\t\t\t\t\t<div class=\"elementor-field-type-text\">\n\t\t\t\t\t<input size=\"1\" type=\"text\" name=\"form_fields[field_4902ec3]\" id=\"form-field-field_4902ec3\" class=\"elementor-field elementor-size-sm \" style=\"display:none !important;\">\t\t\t\t<\/div>\n\t\t\t\t\t\t\t\t<div class=\"elementor-field-type-acceptance elementor-field-group elementor-column elementor-field-group-field_d0df534 elementor-col-100 elementor-field-required\">\n\t\t\t\t\t\t\t<div class=\"elementor-field-subgroup\">\n\t\t\t<span class=\"elementor-field-option\">\n\t\t\t\t<input type=\"checkbox\" name=\"form_fields[field_d0df534]\" id=\"form-field-field_d0df534\" class=\"elementor-field elementor-size-sm  elementor-acceptance-field\" required=\"required\">\n\t\t\t\t<label for=\"form-field-field_d0df534\">De acuerdo con la <a  href=\"https:\/\/preveasistemas.com\/politica-privacidad\/\" target=\"_blank\">pol\u00edtica de privacidad de PREVEA SISTEMAS<\/a><\/label>\t\t\t<\/span>\n\t\t<\/div>\n\t\t\t\t\t\t<\/div>\n\t\t\t\t\t\t\t\t<div class=\"elementor-field-group elementor-column elementor-field-type-submit elementor-col-100 e-form__buttons\">\n\t\t\t\t\t<button class=\"elementor-button elementor-size-sm\" type=\"submit\">\n\t\t\t\t\t\t<span class=\"elementor-button-content-wrapper\">\n\t\t\t\t\t\t\t\t\t\t\t\t\t\t\t\t\t\t\t\t\t\t<span class=\"elementor-button-text\">Enviar<\/span>\n\t\t\t\t\t\t\t\t\t\t\t\t\t<\/span>\n\t\t\t\t\t<\/button>\n\t\t\t\t<\/div>\n\t\t\t<\/div>\n\t\t<\/form>\n\t\t\t\t\t\t<\/div>\n\t\t\t\t<\/div>\n\t\t\t\t\t<\/div>\n\t\t<\/div>\n\t\t\t\t\t<\/div>\n\t\t<\/section>\n\t\t\t\t\t<\/div>\n\t\t<\/div>\n\t\t\t\t\t<\/div>\n\t\t<\/section>\n\t\t\t\t<section class=\"elementor-section elementor-top-section elementor-element elementor-element-579d9cf elementor-section-full_width elementor-section-stretched elementor-section-height-default elementor-section-height-default\" data-id=\"579d9cf\" data-element_type=\"section\" data-e-type=\"section\" data-settings=\"{&quot;stretch_section&quot;:&quot;section-stretched&quot;}\">\n\t\t\t\t\t\t<div class=\"elementor-container elementor-column-gap-no\">\n\t\t\t\t\t<div class=\"elementor-column elementor-col-100 elementor-top-column elementor-element elementor-element-fda9d72\" data-id=\"fda9d72\" data-element_type=\"column\" data-e-type=\"column\">\n\t\t\t<div class=\"elementor-widget-wrap elementor-element-populated\">\n\t\t\t\t\t\t<div class=\"elementor-element elementor-element-2c1af50 elementor-widget elementor-widget-google_maps\" data-id=\"2c1af50\" data-element_type=\"widget\" data-e-type=\"widget\" data-widget_type=\"google_maps.default\">\n\t\t\t\t<div class=\"elementor-widget-container\">\n\t\t\t\t\t\t\t<div class=\"elementor-custom-embed\">\n\t\t\t<iframe loading=\"lazy\"\n\t\t\t\t\tsrc=\"https:\/\/maps.google.com\/maps?q=prevea%20sistemas&#038;t=m&#038;z=13&#038;output=embed&#038;iwloc=near\"\n\t\t\t\t\ttitle=\"prevea sistemas\"\n\t\t\t\t\taria-label=\"prevea sistemas\"\n\t\t\t><\/iframe>\n\t\t<\/div>\n\t\t\t\t\t\t<\/div>\n\t\t\t\t<\/div>\n\t\t\t\t\t<\/div>\n\t\t<\/div>\n\t\t\t\t\t<\/div>\n\t\t<\/section>\n\t\t\t\t<\/div>\n\t\t","protected":false},"excerpt":{"rendered":"<p>Contacto Inicio Contacto CONTACTO Tu \u00e9xito est\u00e1 a un mensaje de distancia. \u00a1Cont\u00e1ctanos y juntos haremos realidad tus ideas! Administraci\u00f3n Administraci\u00f3n administracion@preveasistemas.com Tlf. 692 648 768 Proyectos Proyectos proyectos@preveasistemas.com Tlf. 692 058 944 Soporte T\u00e9cnico SAT sat@preveasistemas.com Tlf. 626 256 928 Nuestro horarario de atenci\u00f3n al cliente es: Lunes a Jueves de 9.00h a 13.00h [&hellip;]<\/p>\n","protected":false},"author":2,"featured_media":0,"parent":0,"menu_order":0,"comment_status":"closed","ping_status":"closed","template":"page-templates\/home.php","meta":{"footnotes":""},"class_list":["post-5373","page","type-page","status-publish","hentry"],"aioseo_notices":[],"_links":{"self":[{"href":"https:\/\/preveasistemas.com\/en\/wp-json\/wp\/v2\/pages\/5373","targetHints":{"allow":["GET"]}}],"collection":[{"href":"https:\/\/preveasistemas.com\/en\/wp-json\/wp\/v2\/pages"}],"about":[{"href":"https:\/\/preveasistemas.com\/en\/wp-json\/wp\/v2\/types\/page"}],"author":[{"embeddable":true,"href":"https:\/\/preveasistemas.com\/en\/wp-json\/wp\/v2\/users\/2"}],"replies":[{"embeddable":true,"href":"https:\/\/preveasistemas.com\/en\/wp-json\/wp\/v2\/comments?post=5373"}],"version-history":[{"count":13,"href":"https:\/\/preveasistemas.com\/en\/wp-json\/wp\/v2\/pages\/5373\/revisions"}],"predecessor-version":[{"id":9717,"href":"https:\/\/preveasistemas.com\/en\/wp-json\/wp\/v2\/pages\/5373\/revisions\/9717"}],"wp:attachment":[{"href":"https:\/\/preveasistemas.com\/en\/wp-json\/wp\/v2\/media?parent=5373"}],"curies":[{"name":"wp","href":"https:\/\/api.w.org\/{rel}","templated":true}]}}